{"id":301,"date":"2018-04-25T09:16:16","date_gmt":"2018-04-25T09:16:16","guid":{"rendered":"https:\/\/demo.themefreesia.com\/photograph\/?page_id=8"},"modified":"2023-01-04T15:11:44","modified_gmt":"2023-01-04T14:11:44","slug":"about-us","status":"publish","type":"page","link":"https:\/\/lukaszmisza.pl\/","title":{"rendered":"Hello! I am Lukasz Misza."},"content":{"rendered":"<p>I am a well-organized marketer and content creator, who for years has been performing B2C and B2B marketing communications in 20 international markets. Currently, I am leading the Strategic Communications Unit at the US Embassy in Warsaw, creating written and digital content for social media profiles in order to maintain an accurate image of the country. I&#8217;ve been an author of a travel portal, visited by 210,000 unique users annually. I am always strategy-oriented and consider myself to be a strong analytical thinker with creative skills and the ability to turn data into ideas.<\/p>\n<p>Please see examples of my works in the menu above the video.<\/p>\n<p>\u00a0<\/p>\n<p>Zajmuj\u0119 si\u0119 komunikacj\u0105 marketingow\u0105, rozwojem wizerunku oraz tworzeniem tre\u015bci (pisanych, photo, video) na social media i nie tylko. Przez wiele lat odpowiada\u0142em za marketing B2B i B2C, mi\u0119dzy innymi na 20 rynkach mi\u0119dzynarodowych, a obecnie koordynuj\u0119 Zesp\u00f3\u0142 Komunikacji Strategicznej w Ambasadzie USA. Jestem autorem popularnego portalu podr\u00f3\u017cniczego, odwiedzanego rocznie przez 210 tysi\u0119cy os\u00f3b. Potrafi\u0119 \u0142\u0105czy\u0107 kreatywno\u015b\u0107 ze zdolno\u015bciami analitycznymi i zawsze jestem w pe\u0142ni zaanga\u017cowany w to, co robi\u0119 &#8211; zar\u00f3wno prywatnie, jak i zawodowo.<\/p>\n<p>Zach\u0119cam do zapoznania si\u0119 z moimi przyk\u0142adowymi pracami w menu na g\u00f3rze strony.<\/p>\n<p>\u00a0<\/p>\n\n\n<p><strong>Lukasz Misza<\/strong>: lukasz.misza@gmail.com, +48 693 957 007<\/p>\n","protected":false},"excerpt":{"rendered":"<p>I am a well-organized marketer and content creator, who for years has been performing B2C and B2B marketing communications in 20 international markets. Currently, I&hellip; <\/p>\n","protected":false},"author":1,"featured_media":0,"parent":0,"menu_order":0,"comment_status":"closed","ping_status":"closed","template":"page-templates\/aboutus-template.php","meta":{"_vp_format_video_url":"","_vp_image_focal_point":[],"footnotes":""},"class_list":["post-301","page","type-page","status-publish","hentry"],"_links":{"self":[{"href":"https:\/\/lukaszmisza.pl\/index.php\/wp-json\/wp\/v2\/pages\/301","targetHints":{"allow":["GET"]}}],"collection":[{"href":"https:\/\/lukaszmisza.pl\/index.php\/wp-json\/wp\/v2\/pages"}],"about":[{"href":"https:\/\/lukaszmisza.pl\/index.php\/wp-json\/wp\/v2\/types\/page"}],"author":[{"embeddable":true,"href":"https:\/\/lukaszmisza.pl\/index.php\/wp-json\/wp\/v2\/users\/1"}],"replies":[{"embeddable":true,"href":"https:\/\/lukaszmisza.pl\/index.php\/wp-json\/wp\/v2\/comments?post=301"}],"version-history":[{"count":7,"href":"https:\/\/lukaszmisza.pl\/index.php\/wp-json\/wp\/v2\/pages\/301\/revisions"}],"predecessor-version":[{"id":557,"href":"https:\/\/lukaszmisza.pl\/index.php\/wp-json\/wp\/v2\/pages\/301\/revisions\/557"}],"wp:attachment":[{"href":"https:\/\/lukaszmisza.pl\/index.php\/wp-json\/wp\/v2\/media?parent=301"}],"curies":[{"name":"wp","href":"https:\/\/api.w.org\/{rel}","templated":true}]}}